{"id":11701,"date":"2024-03-09T16:02:35","date_gmt":"2024-03-09T15:02:35","guid":{"rendered":"http:\/\/charitybasar.cn\/?page_id=11701"},"modified":"2025-10-29T02:58:28","modified_gmt":"2025-10-29T01:58:28","slug":"galerie-2023","status":"publish","type":"page","link":"https:\/\/charitybasar.cn\/index.php\/galerie-2023\/","title":{"rendered":"Galerie 2023"},"content":{"rendered":"<p>[et_pb_section fb_built=&#8220;1&#8243; _builder_version=&#8220;4.22.2&#8243; _module_preset=&#8220;default&#8220; background_color=&#8220;#0b3731&#8243; global_colors_info=&#8220;{}&#8220;][et_pb_row _builder_version=&#8220;4.22.2&#8243; _module_preset=&#8220;default&#8220; global_colors_info=&#8220;{}&#8220;][et_pb_column type=&#8220;4_4&#8243; _builder_version=&#8220;4.22.2&#8243; _module_preset=&#8220;default&#8220; global_colors_info=&#8220;{}&#8220;][et_pb_text _builder_version=&#8220;4.22.2&#8243; _module_preset=&#8220;default&#8220; text_font=&#8220;Marcellus SC|||on|||||&#8220; text_font_size=&#8220;16px&#8220; text_line_height=&#8220;2.1em&#8220; header_font=&#8220;Marcellus SC|||on|||||&#8220; header_text_align=&#8220;center&#8220; header_text_color=&#8220;#FFFFFF&#8220; header_font_size=&#8220;60px&#8220; text_font_size_tablet=&#8220;16px&#8220; text_font_size_phone=&#8220;14px&#8220; text_font_size_last_edited=&#8220;on|phone&#8220; inline_fonts=&#8220;Cinzel,Diplomata SC,Diplomata,Do Hyeon,El Messiri,Edu VIC WA NT Beginner,Aboreto,Mate SC,Cormorant SC,Marcellus SC&#8220; global_colors_info=&#8220;{}&#8220;]<\/p>\n<h1 class=\"et_pb_module_header\" style=\"text-align: center;\"><span style=\"font-size: xx-large;\"><strong><span style=\"color: #faf6eb; font-family: 'Marcellus SC';\">Deutscher Charity Weihnachtsbasar 2023<\/span><\/strong><\/span><\/h1>\n<p style=\"text-align: center;\"><span style=\"font-family: 'Marcellus SC'; font-weight: normal; font-size: large; color: #fffff4;\"><\/span><\/p>\n<p>[\/et_pb_text][et_pb_text _builder_version=&#8220;4.22.2&#8243; _module_preset=&#8220;default&#8220; inline_fonts=&#8220;Marcellus&#8220; global_colors_info=&#8220;{}&#8220;]<\/p>\n<p style=\"text-align: center;\"><span data-metadata=\"&lt;!--(figmeta)eyJmaWxlS2V5Ijoic0dOTzF1VFdkc2Q4SG9UenhvRXBiWiIsInBhc3RlSUQiOjE2NDc3NDc4OTgsImRhdGFUeXBlIjoic2NlbmUifQo=(\/figmeta)--&gt;\"><\/span><span style=\"color: #ffffff; font-family: Marcellus; font-weight: normal;\">Nach einer vierj\u00e4hrigen Pause kehrte, der mit Spannung erwartete Deutscher Charity Weihnachtsbasar am 1. und 2. Dezember 2023 mit gro\u00dfem Erfolg zur\u00fcck. Die Veranstaltung, die in der Deutschen Botschaft stattfand und von Hunderten von engagierten <span style=\"color: #faf6eb;\">Freiwilligen organisiert wurde, war ein voller Erfolg!<\/span><\/span><\/p>\n<p style=\"text-align: center;\"><span style=\"color: #faf6eb; font-family: Marcellus; font-weight: normal;\">Im Laufe der zwei Tage begr\u00fc\u00dfte der Basar 6000 Besucher, die sich an den zahlreichen Weihnachtsst\u00e4nden umschauten. Die St\u00e4nde mit den traditionellen deutschen Weihnachtsleckereien sorgten f\u00fcr eine festliche Atmosph\u00e4re, die durch die Anwesenheit zahlreicher Weihnachtsm\u00e4nner noch verst\u00e4rkt wurde!<\/span><\/p>\n<p style=\"text-align: center;\"><span style=\"color: #faf6eb; font-family: Marcellus; font-weight: normal;\">Dank unserer gro\u00dfz\u00fcgigen Sponsoren, flei\u00dfigen Helfer und aller Besucher konnten wir einen Gewinn von \u00fcber 1.000.000 RMB sammeln! Damit konnten wir verschiedenen Wohlt\u00e4tigkeitsorganisationen eine noch nie dagewesene finanzielle Unterst\u00fctzung zukommen lassen.<\/span><\/p>\n<p style=\"text-align: center;\"><span style=\"color: #faf6eb; font-family: Marcellus; font-weight: normal;\">Der Geist der Weihnacht war w\u00e4hrend der gesamten Veranstaltung sp\u00fcrbar! Vielen Dank an alle, die zum Erfolg dieser Veranstaltung beigetragen haben! \ud83c\udf84<\/span><\/p>\n<p style=\"text-align: center;\"><span style=\"color: #ffffff; font-family: Marcellus; font-weight: normal;\"><span><\/span><\/span><\/p>\n<p style=\"text-align: center;\"><span style=\"color: #ffffff; font-family: Marcellus; font-weight: normal;\"><span><\/span><\/span><\/p>\n<p style=\"text-align: center;\"><span style=\"color: #ffffff; font-family: Marcellus; font-weight: normal;\"><\/span><\/p>\n<p style=\"text-align: center;\"><span style=\"color: #ffffff; font-family: Marcellus; font-weight: normal;\">\u00a0<span><\/span><\/span><\/p>\n<p style=\"text-align: center;\"><span style=\"color: #ffffff; font-family: Marcellus; font-weight: normal;\"><span><\/span><\/span><\/p>\n<p>[\/et_pb_text][\/et_pb_column][\/et_pb_row][et_pb_row disabled_on=&#8220;on|off|off&#8220; _builder_version=&#8220;4.22.2&#8243; _module_preset=&#8220;default&#8220; transform_scale=&#8220;132%|132%&#8220; transform_translate=&#8220;0px|14px&#8220; global_colors_info=&#8220;{}&#8220;][et_pb_column type=&#8220;4_4&#8243; _builder_version=&#8220;4.22.2&#8243; _module_preset=&#8220;default&#8220; global_colors_info=&#8220;{}&#8220;][et_pb_image src=&#8220;https:\/\/charitybasar.cn\/wp-content\/uploads\/2023\/10\/2023-Trees.png&#8220; title_text=&#8220;2023 Trees&#8220; force_fullwidth=&#8220;on&#8220; _builder_version=&#8220;4.22.2&#8243; _module_preset=&#8220;default&#8220; custom_margin=&#8220;-120px||||false|false&#8220; global_colors_info=&#8220;{}&#8220;][\/et_pb_image][\/et_pb_column][\/et_pb_row][\/et_pb_section][et_pb_section fb_built=&#8220;1&#8243; _builder_version=&#8220;4.22.2&#8243; _module_preset=&#8220;default&#8220; background_color=&#8220;#FFFFFF&#8220; global_colors_info=&#8220;{}&#8220;][et_pb_row column_structure=&#8220;1_3,1_3,1_3&#8243; admin_label=&#8220;Zeile&#8220; _builder_version=&#8220;4.22.2&#8243; _module_preset=&#8220;default&#8220; global_colors_info=&#8220;{}&#8220;][et_pb_column type=&#8220;1_3&#8243; _builder_version=&#8220;4.22.2&#8243; _module_preset=&#8220;default&#8220; global_colors_info=&#8220;{}&#8220;][et_pb_divider color=&#8220;#0A0000&#8243; divider_style=&#8220;double&#8220; divider_position=&#8220;center&#8220; _builder_version=&#8220;4.22.2&#8243; _module_preset=&#8220;default&#8220; global_colors_info=&#8220;{}&#8220;][\/et_pb_divider][\/et_pb_column][et_pb_column type=&#8220;1_3&#8243; _builder_version=&#8220;4.22.2&#8243; _module_preset=&#8220;default&#8220; global_colors_info=&#8220;{}&#8220;][et_pb_heading title=&#8220;Galerie 2023&#8243; _builder_version=&#8220;4.22.2&#8243; _module_preset=&#8220;default&#8220; title_level=&#8220;h2&#8243; title_font=&#8220;Marcellus SC||||||||&#8220; title_text_align=&#8220;center&#8220; title_text_color=&#8220;#0A0000&#8243; title_font_size=&#8220;32px&#8220; background_color=&#8220;RGBA(255,255,255,0)&#8220; global_colors_info=&#8220;{}&#8220;][\/et_pb_heading][\/et_pb_column][et_pb_column type=&#8220;1_3&#8243; _builder_version=&#8220;4.22.2&#8243; _module_preset=&#8220;default&#8220; global_colors_info=&#8220;{}&#8220;][et_pb_divider color=&#8220;#0A0000&#8243; divider_style=&#8220;double&#8220; divider_position=&#8220;center&#8220; _builder_version=&#8220;4.22.2&#8243; _module_preset=&#8220;default&#8220; locked=&#8220;off&#8220; global_colors_info=&#8220;{}&#8220;][\/et_pb_divider][\/et_pb_column][\/et_pb_row][et_pb_row _builder_version=&#8220;4.22.2&#8243; _module_preset=&#8220;default&#8220; border_radii=&#8220;on|20px|20px|20px|20px&#8220; border_color_all=&#8220;RGBA(255,255,255,0)&#8220; global_colors_info=&#8220;{}&#8220;][et_pb_column type=&#8220;4_4&#8243; module_class=&#8220;divilife-3-col-feature-blurb-slider&#8220; _builder_version=&#8220;4.22.2&#8243; _module_preset=&#8220;default&#8220; global_colors_info=&#8220;{}&#8220;][et_pb_gallery gallery_ids=&#8220;11698,11697,11695,11694,11693,11692,11691,11690,11689,11688,11687,11686,11685,11684,11683,11682,11681,11680,11679,11678,11677,11676,11675,11674,11673,11672,11671,11670,11669,11668,11667,11665,11664,11663,11662,11661,11659,11658,11657,11656,11655,11654,11653,11652,11651,11650,11649,11648,11647,11646,11645,11644,11643,11642,11641,11640,11639,11638,11637,11636&#8243; posts_number=&#8220;60&#8243; show_title_and_caption=&#8220;off&#8220; show_pagination=&#8220;off&#8220; hover_icon=&#8220;&#x25;||divi||400&#8243; _builder_version=&#8220;4.22.2&#8243; _module_preset=&#8220;default&#8220; custom_margin=&#8220;0px||||false|false&#8220; box_shadow_style_image=&#8220;preset1&#8243; box_shadow_vertical_image=&#8220;1px&#8220; global_module=&#8220;11704&#8243; saved_tabs=&#8220;all&#8220; global_colors_info=&#8220;{}&#8220;][\/et_pb_gallery][et_pb_video src=&#8220;https:\/\/charitybasar.cn\/wp-content\/uploads\/2024\/02\/Charity-Basar-2023.mp4&#8243; _builder_version=&#8220;4.22.2&#8243; _module_preset=&#8220;default&#8220; width=&#8220;57%&#8220; module_alignment=&#8220;center&#8220; hover_enabled=&#8220;0&#8243; global_colors_info=&#8220;{}&#8220; sticky_enabled=&#8220;0&#8243;][\/et_pb_video][et_pb_cta button_url=&#8220;https:\/\/charitybasar.cn\/index.php\/galerie-2019\/&#8220; button_text=&#8220;Weihnachtsbasar 2019&#8243; _builder_version=&#8220;4.22.2&#8243; _module_preset=&#8220;default&#8220; background_color=&#8220;RGBA(255,255,255,0)&#8220; custom_button=&#8220;on&#8220; button_text_color=&#8220;#0B3731&#8243; button_bg_color=&#8220;RGBA(255,255,255,0)&#8220; button_border_color=&#8220;#0B3731&#8243; button_font=&#8220;Marcellus SC|700|||||||&#8220; button_alignment=&#8220;center&#8220; global_colors_info=&#8220;{}&#8220;][\/et_pb_cta][\/et_pb_column][\/et_pb_row][\/et_pb_section][et_pb_section fb_built=&#8220;1&#8243; _builder_version=&#8220;4.22.2&#8243; _module_preset=&#8220;default&#8220; background_color=&#8220;#0b3731&#8243; saved_tabs=&#8220;all&#8220; global_colors_info=&#8220;{}&#8220;][et_pb_row column_structure=&#8220;1_3,1_3,1_3&#8243; admin_label=&#8220;Zeile&#8220; _builder_version=&#8220;4.22.2&#8243; _module_preset=&#8220;default&#8220; global_colors_info=&#8220;{}&#8220;][et_pb_column type=&#8220;1_3&#8243; _builder_version=&#8220;4.22.2&#8243; _module_preset=&#8220;default&#8220; global_colors_info=&#8220;{}&#8220;][et_pb_divider color=&#8220;#FAF6EB&#8220; divider_style=&#8220;double&#8220; divider_position=&#8220;center&#8220; _builder_version=&#8220;4.22.2&#8243; _module_preset=&#8220;default&#8220; global_colors_info=&#8220;{}&#8220;][\/et_pb_divider][\/et_pb_column][et_pb_column type=&#8220;1_3&#8243; _builder_version=&#8220;4.22.2&#8243; _module_preset=&#8220;default&#8220; global_colors_info=&#8220;{}&#8220;][et_pb_heading title=&#8220;Aktuelles&#8220; admin_label=&#8220;\u00dcberschrift H1&#8243; _builder_version=&#8220;4.22.2&#8243; _module_preset=&#8220;default&#8220; title_font=&#8220;Marcellus SC||||||||&#8220; title_text_align=&#8220;center&#8220; title_text_color=&#8220;#FAF6EB&#8220; background_color=&#8220;RGBA(255,255,255,0)&#8220; global_colors_info=&#8220;{}&#8220;][\/et_pb_heading][\/et_pb_column][et_pb_column type=&#8220;1_3&#8243; _builder_version=&#8220;4.22.2&#8243; _module_preset=&#8220;default&#8220; global_colors_info=&#8220;{}&#8220;][et_pb_divider color=&#8220;#FAF6EB&#8220; divider_style=&#8220;double&#8220; divider_position=&#8220;center&#8220; _builder_version=&#8220;4.22.2&#8243; _module_preset=&#8220;default&#8220; locked=&#8220;off&#8220; global_colors_info=&#8220;{}&#8220;][\/et_pb_divider][\/et_pb_column][\/et_pb_row][et_pb_row column_structure=&#8220;1_4,1_4,1_4,1_4&#8243; make_equal=&#8220;on&#8220; _builder_version=&#8220;4.22.2&#8243; _module_preset=&#8220;default&#8220; custom_css_main_element=&#8220;display: flex; &#8220; global_colors_info=&#8220;{}&#8220;][et_pb_column type=&#8220;1_4&#8243; module_class=&#8220;divilife-3-col-feature-blurb-slider&#8220; _builder_version=&#8220;4.22.2&#8243; _module_preset=&#8220;default&#8220; border_radii=&#8220;on|20px|20px|20px|20px&#8220; border_width_all=&#8220;2px&#8220; border_color_all=&#8220;#FAF6EB&#8220; box_shadow_style=&#8220;preset6&#8243; box_shadow_blur=&#8220;2px&#8220; box_shadow_color=&#8220;#FAF6EB&#8220; global_colors_info=&#8220;{}&#8220;][et_pb_image src=&#8220;https:\/\/charitybasar.cn\/wp-content\/uploads\/2023\/10\/photoes-from-Stars-and-Rain-scaled-1-e1698594360781.jpg&#8220; title_text=&#8220;photoes-from-Stars-and-Rain-scaled&#8220; url=&#8220;https:\/\/charitybasar.cn\/index.php\/unsere-charities\/&#8220; _builder_version=&#8220;4.22.2&#8243; _module_preset=&#8220;default&#8220; border_width_all=&#8220;15px&#8220; border_color_all=&#8220;RGBA(255,255,255,0)&#8220; border_width_right=&#8220;50px&#8220; border_color_right=&#8220;RGBA(255,255,255,0)&#8220; border_width_bottom=&#8220;0px&#8220; border_color_bottom=&#8220;RGBA(255,255,255,0)&#8220; border_style_bottom=&#8220;outset&#8220; global_colors_info=&#8220;{}&#8220;][\/et_pb_image][et_pb_text admin_label=&#8220;Text&#8220; _builder_version=&#8220;4.22.2&#8243; _module_preset=&#8220;default&#8220; text_font_size=&#8220;16px&#8220; header_2_font=&#8220;Marcellus SC||||||||&#8220; header_2_text_color=&#8220;#FAF6EB&#8220; header_2_font_size=&#8220;20px&#8220; transform_translate_linked=&#8220;off&#8220; transform_origin=&#8220;50%|100%&#8220; link_option_url=&#8220;https:\/\/charitybasar.cn\/index.php\/unsere-charities\/&#8220; border_width_all=&#8220;15px&#8220; border_color_all=&#8220;RGBA(255,255,255,0)&#8220; border_width_top=&#8220;0px&#8220; inline_fonts=&#8220;Marcellus,Marcellus SC&#8220; global_colors_info=&#8220;{}&#8220;]<\/p>\n<p><span style=\"font-family: Marcellus; font-weight: normal; color: #faf6eb;\">Wir unterst\u00fctzen bed\u00fcrftige Kinder und Familien<\/span><span style=\"font-family: Marcellus; font-weight: normal; color: #faf6eb;\"><\/span><\/p>\n<p><span style=\"font-family: Marcellus; font-weight: normal; color: #faf6eb;\"><\/span><\/p>\n<p><span style=\"font-family: Marcellus; font-weight: normal; color: #faf6eb;\"><\/span><\/p>\n<h2><a href=\"https:\/\/charitybasar.cn\/index.php\/unsere-charities\/\"><span style=\"text-decoration: underline; font-family: 'Marcellus SC'; font-weight: normal;\"><span style=\"color: #faf6eb; text-decoration: underline;\">Unsere Charities<\/span><\/span><\/a><\/h2>\n<p>[\/et_pb_text][\/et_pb_column][et_pb_column type=&#8220;1_4&#8243; module_class=&#8220;divilife-3-col-feature-blurb-slider&#8220; _builder_version=&#8220;4.22.2&#8243; _module_preset=&#8220;default&#8220; border_radii=&#8220;on|20px|20px|20px|20px&#8220; border_width_all=&#8220;2px&#8220; border_color_all=&#8220;#FAF6EB&#8220; box_shadow_style=&#8220;preset6&#8243; box_shadow_blur=&#8220;2px&#8220; box_shadow_color=&#8220;#FAF6EB&#8220; global_colors_info=&#8220;{}&#8220;][et_pb_image src=&#8220;https:\/\/charitybasar.cn\/wp-content\/uploads\/2023\/10\/Spende_square.png&#8220; title_text=&#8220;Spende_square&#8220; url=&#8220;mailto:sponsoring@charitybasar.cn&#8220; _builder_version=&#8220;4.22.2&#8243; _module_preset=&#8220;default&#8220; border_width_all=&#8220;15px&#8220; border_color_all=&#8220;RGBA(255,255,255,0)&#8220; border_width_right=&#8220;50px&#8220; border_width_bottom=&#8220;0px&#8220; global_colors_info=&#8220;{}&#8220;][\/et_pb_image][et_pb_text admin_label=&#8220;Text&#8220; _builder_version=&#8220;4.22.2&#8243; _module_preset=&#8220;default&#8220; text_font_size=&#8220;16px&#8220; header_2_font=&#8220;Marcellus SC||||||||&#8220; header_2_text_color=&#8220;#FAF6EB&#8220; header_2_font_size=&#8220;20px&#8220; transform_translate_linked=&#8220;off&#8220; transform_origin=&#8220;50%|100%&#8220; link_option_url=&#8220;mailto:sponsoring@charitybasar.cn&#8220; border_width_all=&#8220;15px&#8220; border_color_all=&#8220;RGBA(255,255,255,0)&#8220; border_width_top=&#8220;0px&#8220; inline_fonts=&#8220;Marcellus,Marcellus SC&#8220; global_colors_info=&#8220;{}&#8220;]<\/p>\n<p><span style=\"color: #faf6eb; font-family: Marcellus; font-size: 16px;\">Wenn du gleich helfen willst&#8230;<\/span><br \/><span style=\"font-family: Marcellus; font-weight: normal; color: #faf6eb;\"><\/span><\/p>\n<p><span style=\"color: #faf6eb; font-family: Marcellus; font-size: 16px;\"><\/span><\/p>\n<p><span style=\"color: #faf6eb; font-family: Marcellus; font-size: 16px;\"><\/span><\/p>\n<p><span style=\"font-family: Marcellus; font-weight: normal; color: #faf6eb;\"><\/span><\/p>\n<p><span style=\"font-family: Marcellus; font-weight: normal; color: #faf6eb;\"><\/span><\/p>\n<h2><a href=\"mailto:sponsoring@charitybasar.cn\"><span style=\"text-decoration: underline; font-family: 'Marcellus SC'; font-weight: normal;\"><span style=\"color: #faf6eb; text-decoration: underline;\">Spende jetzt<\/span><\/span><\/a><\/h2>\n<p>[\/et_pb_text][\/et_pb_column][et_pb_column type=&#8220;1_4&#8243; module_class=&#8220;divilife-3-col-feature-blurb-slider&#8220; _builder_version=&#8220;4.22.2&#8243; _module_preset=&#8220;default&#8220; border_radii=&#8220;on|20px|20px|20px|20px&#8220; border_width_all=&#8220;2px&#8220; border_color_all=&#8220;#FAF6EB&#8220; box_shadow_style=&#8220;preset6&#8243; box_shadow_blur=&#8220;2px&#8220; box_shadow_color=&#8220;#FAF6EB&#8220; global_colors_info=&#8220;{}&#8220;][et_pb_image src=&#8220;https:\/\/charitybasar.cn\/wp-content\/uploads\/2023\/10\/Engel_square.png&#8220; title_text=&#8220;Engel_square&#8220; url=&#8220;https:\/\/charitybasar.cn\/index.php\/unsere-engel\/&#8220; _builder_version=&#8220;4.22.2&#8243; _module_preset=&#8220;default&#8220; border_width_all=&#8220;15px&#8220; border_color_all=&#8220;RGBA(255,255,255,0)&#8220; border_width_right=&#8220;50px&#8220; border_width_bottom=&#8220;0px&#8220; global_colors_info=&#8220;{}&#8220;][\/et_pb_image][et_pb_text admin_label=&#8220;Text&#8220; _builder_version=&#8220;4.22.2&#8243; _module_preset=&#8220;default&#8220; text_font=&#8220;Marcellus||||||||&#8220; text_text_color=&#8220;#FFFFFF&#8220; text_font_size=&#8220;16px&#8220; header_2_font=&#8220;Marcellus SC||||||||&#8220; header_2_text_color=&#8220;#FAF6EB&#8220; header_2_font_size=&#8220;20px&#8220; link_option_url=&#8220;https:\/\/charitybasar.cn\/index.php\/unsere-engel\/&#8220; border_width_all=&#8220;15px&#8220; border_color_all=&#8220;RGBA(255,255,255,0)&#8220; border_width_top=&#8220;0px&#8220; inline_fonts=&#8220;Marcellus,Marcellus SC&#8220; global_colors_info=&#8220;{}&#8220;]<\/p>\n<p><span style=\"font-family: Marcellus; font-size: 16px;\">Wir basteln f\u00fcr einen guten Zweck<\/span><\/p>\n<p><span style=\"font-family: Marcellus; font-size: 16px;\"><\/span><\/p>\n<p><span style=\"font-family: Marcellus; font-size: 16px;\"><\/span><\/p>\n<p><span style=\"font-family: Marcellus; font-size: 16px;\"><\/span><\/p>\n<p><span style=\"font-family: Marcellus; font-size: 16px;\"><\/span><\/p>\n<h2><a href=\"https:\/\/charitybasar.cn\/index.php\/unsere-engel\/\"><span style=\"text-decoration: underline; font-family: 'Marcellus SC'; font-weight: normal;\"><span style=\"color: #faf6eb; text-decoration: underline;\">Engel werden<\/span><\/span><\/a><\/h2>\n<p>[\/et_pb_text][\/et_pb_column][et_pb_column type=&#8220;1_4&#8243; module_class=&#8220;divilife-3-col-feature-blurb-slider&#8220; _builder_version=&#8220;4.22.2&#8243; _module_preset=&#8220;default&#8220; border_radii=&#8220;on|20px|20px|20px|20px&#8220; border_width_all=&#8220;2px&#8220; border_color_all=&#8220;#FAF6EB&#8220; box_shadow_style=&#8220;preset6&#8243; box_shadow_blur=&#8220;2px&#8220; box_shadow_color=&#8220;#FAF6EB&#8220; global_colors_info=&#8220;{}&#8220;][et_pb_image src=&#8220;https:\/\/charitybasar.cn\/wp-content\/uploads\/2022\/05\/basar-13-e1699422828208.jpg&#8220; title_text=&#8220;basar-13&#8243; url=&#8220;https:\/\/charitybasar.cn\/index.php\/unser-team-3\/&#8220; _builder_version=&#8220;4.22.2&#8243; _module_preset=&#8220;default&#8220; border_width_all=&#8220;15px&#8220; border_color_all=&#8220;RGBA(255,255,255,0)&#8220; border_width_right=&#8220;50px&#8220; border_width_bottom=&#8220;0px&#8220; global_colors_info=&#8220;{}&#8220;][\/et_pb_image][et_pb_text admin_label=&#8220;Text&#8220; _builder_version=&#8220;4.22.2&#8243; _module_preset=&#8220;default&#8220; text_font=&#8220;Marcellus||||||||&#8220; text_text_color=&#8220;#FFFFFF&#8220; text_font_size=&#8220;16px&#8220; header_2_font=&#8220;Marcellus SC||||||||&#8220; header_2_text_color=&#8220;#FAF6EB&#8220; header_2_font_size=&#8220;20px&#8220; custom_padding=&#8220;1px|||||&#8220; link_option_url=&#8220;https:\/\/charitybasar.cn\/index.php\/unser-team-3\/&#8220; border_width_all=&#8220;15px&#8220; border_color_all=&#8220;RGBA(255,255,255,0)&#8220; border_width_top=&#8220;0px&#8220; inline_fonts=&#8220;Marcellus,Marcellus SC&#8220; global_colors_info=&#8220;{}&#8220;]<\/p>\n<p><span style=\"font-family: Marcellus; font-weight: normal; color: #faf6eb;\"><span>Gemeinsam bringen wir Weihnachten nach Peking<\/span><\/span><\/p>\n<p><span style=\"font-family: Marcellus; font-size: 16px;\"><\/span><\/p>\n<p><span style=\"font-family: Marcellus; font-size: 16px;\"><\/span><\/p>\n<p><span style=\"font-family: Marcellus; font-size: 16px;\"><\/span><\/p>\n<p><span style=\"font-family: Marcellus; font-size: 16px;\"><\/span><\/p>\n<h2><a href=\"https:\/\/charitybasar.cn\/index.php\/unser-team-3\/\"><span style=\"text-decoration: underline; font-family: 'Marcellus SC'; font-weight: normal;\"><span style=\"color: #faf6eb; text-decoration: underline;\">Unsere Teams<\/span><\/span><\/a><\/h2>\n<p>[\/et_pb_text][\/et_pb_column][\/et_pb_row][\/et_pb_section]<\/p>\n","protected":false},"excerpt":{"rendered":"<p>Deutscher Charity Weihnachtsbasar 2023 Nach einer vierj\u00e4hrigen Pause kehrte, der mit Spannung erwartete Deutscher Charity Weihnachtsbasar am 1. und 2. Dezember 2023 mit gro\u00dfem Erfolg zur\u00fcck. Die Veranstaltung, die in der Deutschen Botschaft stattfand und von Hunderten von engagierten Freiwilligen organisiert wurde, war ein voller Erfolg! Im Laufe der zwei Tage begr\u00fc\u00dfte der Basar 6000 [&hellip;]<\/p>\n","protected":false},"author":3,"featured_media":0,"parent":0,"menu_order":0,"comment_status":"closed","ping_status":"closed","template":"","meta":{"_et_pb_use_builder":"on","_et_pb_old_content":"","_et_gb_content_width":"","footnotes":""},"class_list":["post-11701","page","type-page","status-publish","hentry"],"_links":{"self":[{"href":"https:\/\/charitybasar.cn\/index.php\/wp-json\/wp\/v2\/pages\/11701","targetHints":{"allow":["GET"]}}],"collection":[{"href":"https:\/\/charitybasar.cn\/index.php\/wp-json\/wp\/v2\/pages"}],"about":[{"href":"https:\/\/charitybasar.cn\/index.php\/wp-json\/wp\/v2\/types\/page"}],"author":[{"embeddable":true,"href":"https:\/\/charitybasar.cn\/index.php\/wp-json\/wp\/v2\/users\/3"}],"replies":[{"embeddable":true,"href":"https:\/\/charitybasar.cn\/index.php\/wp-json\/wp\/v2\/comments?post=11701"}],"version-history":[{"count":5,"href":"https:\/\/charitybasar.cn\/index.php\/wp-json\/wp\/v2\/pages\/11701\/revisions"}],"predecessor-version":[{"id":13295,"href":"https:\/\/charitybasar.cn\/index.php\/wp-json\/wp\/v2\/pages\/11701\/revisions\/13295"}],"wp:attachment":[{"href":"https:\/\/charitybasar.cn\/index.php\/wp-json\/wp\/v2\/media?parent=11701"}],"curies":[{"name":"wp","href":"https:\/\/api.w.org\/{rel}","templated":true}]}}